{"id":24,"date":"2026-01-14T09:25:10","date_gmt":"2026-01-14T09:25:10","guid":{"rendered":"https:\/\/domusaureagroup.com\/servicios\/"},"modified":"2026-03-31T10:07:48","modified_gmt":"2026-03-31T08:07:48","slug":"servicios","status":"publish","type":"page","link":"https:\/\/domusaureagroup.com\/en\/servicios\/","title":{"rendered":"Services"},"content":{"rendered":"<div class=\"wp-block-group alignfull is-style-ext-preset--group--natural-1--section has-background-background-color has-background has-global-padding is-layout-constrained wp-container-core-group-is-layout-e955bbaf wp-block-group-is-layout-constrained\" id=\"servicios\" style=\"margin-top:0;margin-bottom:0;padding-top:var(--wp--preset--spacing--70);padding-bottom:var(--wp--preset--spacing--70)\">\n<div class=\"wp-block-group alignwide is-vertical is-content-justification-center is-layout-flex wp-container-core-group-is-layout-c9ee0c5a wp-block-group-is-layout-flex\">\n<div class=\"wp-block-group has-global-padding is-layout-constrained wp-container-core-group-is-layout-5e05634a wp-block-group-is-layout-constrained\">\n<h2 class=\"wp-block-heading has-text-align-center\">Find exclusive properties with the best conditions<\/h2>\n\n\n\n<p class=\"has-text-align-center\">At DomusAureaGroup.com we offer a wide range of real estate services, guaranteeing professionalism and maximum satisfaction for each client.<\/p>\n<\/div>\n<\/div>\n\n\n\n<div class=\"wp-block-columns alignwide is-layout-flex wp-container-core-columns-is-layout-08c01c1c wp-block-columns-is-layout-flex\">\n<div class=\"wp-block-column is-vertically-aligned-stretch is-layout-flow wp-container-core-column-is-layout-f5bb311e wp-block-column-is-layout-flow\">\n<div class=\"wp-block-group is-style-ext-preset--group--natural-1--item-card-1--align-center has-global-padding is-layout-constrained wp-block-group-is-layout-constrained is-style-ext-preset--group--natural-1--item-card-1--align-center--2\">\n<div class=\"wp-block-group is-style-default has-global-padding is-layout-constrained wp-block-group-is-layout-constrained\">\n<figure class=\"wp-block-image aligncenter size-large ext-aspect-landscape wp-duotone-primary-foreground\"><img decoding=\"async\" src=\"data:image\/svg+xml;base64,PHN2ZyB4bWxucz0iaHR0cDovL3d3dy53My5vcmcvMjAwMC9zdmciIHdpZHRoPSI0OCIgaGVpZ2h0PSI0OCIgZmlsbD0iIzAwMDAwMCIgdmlld0JveD0iMCAwIDI1NiAyNTYiPjxwYXRoIGQ9Ik0xNzIsNzZhNDQsNDQsMCwxLDAtNDQsNDRBNDQuMDUsNDQuMDUsMCwwLDAsMTcyLDc2Wm0tNDQsMjhhMjgsMjgsMCwxLDEsMjgtMjhBMjgsMjgsMCwwLDEsMTI4LDEwNFptNjAsMjRhNDQsNDQsMCwxLDAsNDQsNDRBNDQuMDUsNDQuMDUsMCwwLDAsMTg4LDEyOFptMCw3MmEyOCwyOCwwLDEsMSwyOC0yOEEyOCwyOCwwLDAsMSwxODgsMjAwWk02OCwxMjhhNDQsNDQsMCwxLDAsNDQsNDRBNDQuMDUsNDQuMDUsMCwwLDAsNjgsMTI4Wm0wLDcyYTI4LDI4LDAsMSwxLDI4LTI4QTI4LDI4LDAsMCwxLDY4LDIwMFoiPjwvcGF0aD48L3N2Zz4=\" alt=\"\" style=\"object-fit:cover\"\/><\/figure>\n\n\n\n<h3 class=\"wp-block-heading has-text-align-center\">Property Sales<\/h3>\n\n\n\n<p class=\"has-text-align-center\">We advise on the purchase and sale so that each transaction is secure and transparent.<\/p>\n<\/div>\n<\/div>\n<\/div>\n\n\n\n<div class=\"wp-block-column is-vertically-aligned-stretch is-layout-flow wp-container-core-column-is-layout-f5bb311e wp-block-column-is-layout-flow\">\n<div class=\"wp-block-group is-style-ext-preset--group--natural-1--item-card-1--align-center has-global-padding is-layout-constrained wp-block-group-is-layout-constrained is-style-ext-preset--group--natural-1--item-card-1--align-center--3\">\n<div class=\"wp-block-group is-style-default has-global-padding is-layout-constrained wp-block-group-is-layout-constrained\">\n<figure class=\"wp-block-image aligncenter size-large ext-aspect-landscape wp-duotone-primary-foreground\"><img decoding=\"async\" src=\"data:image\/svg+xml;base64,PHN2ZyB4bWxucz0iaHR0cDovL3d3dy53My5vcmcvMjAwMC9zdmciIHdpZHRoPSI0OCIgaGVpZ2h0PSI0OCIgZmlsbD0iIzAwMDAwMCIgdmlld0JveD0iMCAwIDI1NiAyNTYiPjxwYXRoIGQ9Ik04MCw0MGE0MCw0MCwwLDEsMCw0MCw0MEE0MCw0MCwwLDAsMCw4MCw0MFptMCw2NGEyNCwyNCwwLDEsMSwyNC0yNEEyNCwyNCwwLDAsMSw4MCwxMDRabTk2LDE2YTQwLDQwLDAsMSwwLTQwLTQwQTQwLDQwLDAsMCwwLDE3NiwxMjBabTAtNjRhMjQsMjQsMCwxLDEtMjQsMjRBMjQsMjQsMCwwLDEsMTc2LDU2Wk04MCwxMzZhNDAsNDAsMCwxLDAsNDAsNDBBNDAsNDAsMCwwLDAsODAsMTM2Wm0wLDY0YTI0LDI0LDAsMSwxLDI0LTI0QTI0LDI0LDAsMCwxLDgwLDIwMFptOTYtNjRhNDAsNDAsMCwxLDAsNDAsNDBBNDAsNDAsMCwwLDAsMTc2LDEzNlptMCw2NGEyNCwyNCwwLDEsMSwyNC0yNEEyNCwyNCwwLDAsMSwxNzYsMjAwWiI+PC9wYXRoPjwvc3ZnPg==\" alt=\"\" style=\"object-fit:cover\"\/><\/figure>\n\n\n\n<h3 class=\"wp-block-heading has-text-align-center\">Legal formalities<\/h3>\n\n\n\n<p class=\"has-text-align-center\">We manage all the legal documentation to make the process smooth and hassle-free.<\/p>\n<\/div>\n<\/div>\n<\/div>\n\n\n\n<div class=\"wp-block-column is-vertically-aligned-stretch is-layout-flow wp-container-core-column-is-layout-f5bb311e wp-block-column-is-layout-flow\">\n<div class=\"wp-block-group is-style-ext-preset--group--natural-1--item-card-1--align-center has-global-padding is-layout-constrained wp-block-group-is-layout-constrained is-style-ext-preset--group--natural-1--item-card-1--align-center--4\">\n<div class=\"wp-block-group is-style-default has-global-padding is-layout-constrained wp-block-group-is-layout-constrained\">\n<figure class=\"wp-block-image aligncenter size-large ext-aspect-landscape wp-duotone-primary-foreground\"><img decoding=\"async\" src=\"data:image\/svg+xml;base64,PHN2ZyB4bWxucz0iaHR0cDovL3d3dy53My5vcmcvMjAwMC9zdmciIHdpZHRoPSI0OCIgaGVpZ2h0PSI0OCIgZmlsbD0iIzAwMDAwMCIgdmlld0JveD0iMCAwIDI1NiAyNTYiPjxwYXRoIGQ9Ik04MCw0MGE0MCw0MCwwLDEsMCw0MCw0MEE0MCw0MCwwLDAsMCw4MCw0MFptMCw2NGEyNCwyNCwwLDEsMSwyNC0yNEEyNCwyNCwwLDAsMSw4MCwxMDRabTk2LDE2YTQwLDQwLDAsMSwwLTQwLTQwQTQwLDQwLDAsMCwwLDE3NiwxMjBabTAtNjRhMjQsMjQsMCwxLDEtMjQsMjRBMjQsMjQsMCwwLDEsMTc2LDU2Wk04MCwxMzZhNDAsNDAsMCwxLDAsNDAsNDBBNDAsNDAsMCwwLDAsODAsMTM2Wm0wLDY0YTI0LDI0LDAsMSwxLDI0LTI0QTI0LDI0LDAsMCwxLDgwLDIwMFptMTM2LTI0YTgsOCwwLDAsMS04LDhIMTg0djI0YTgsOCwwLDAsMS0xNiwwVjE4NEgxNDRhOCw4LDAsMCwxLDAtMTZoMjRWMTQ0YTgsOCwwLDAsMSwxNiwwdjI0aDI0QTgsOCwwLDAsMSwyMTYsMTc2WiI+PC9wYXRoPjwvc3ZnPg==\" alt=\"\" style=\"object-fit:cover\"\/><\/figure>\n\n\n\n<h3 class=\"wp-block-heading has-text-align-center\">Integral Advice<\/h3>\n\n\n\n<p class=\"has-text-align-center\">We offer personalised support for each client, ensuring informed decisions and confidence.<\/p>\n<\/div>\n<\/div>\n<\/div>\n<\/div>\n<\/div>\n\n\n\n<div class=\"wp-block-group alignfull is-style-ext-preset--group--natural-1--section has-tertiary-background-color has-background has-global-padding is-layout-constrained wp-container-core-group-is-layout-e955bbaf wp-block-group-is-layout-constrained\" id=\"caracteristicas\" style=\"margin-top:0;margin-bottom:0;padding-top:var(--wp--preset--spacing--70);padding-bottom:var(--wp--preset--spacing--70)\">\n<div class=\"wp-block-group alignwide is-vertical is-content-justification-center is-layout-flex wp-container-core-group-is-layout-c9ee0c5a wp-block-group-is-layout-flex\">\n<div class=\"wp-block-group has-global-padding is-layout-constrained wp-container-core-group-is-layout-5e05634a wp-block-group-is-layout-constrained\">\n<h2 class=\"wp-block-heading has-text-align-center\">Find your ideal property with confidence<\/h2>\n\n\n\n<p class=\"has-text-align-center\">DomusAureaGroup offers comprehensive advice and legal support to facilitate the purchase or sale of your property with professionalism and transparency.<\/p>\n<\/div>\n<\/div>\n\n\n\n<div class=\"wp-block-columns alignwide is-layout-flex wp-container-core-columns-is-layout-08c01c1c wp-block-columns-is-layout-flex\">\n<div class=\"wp-block-column is-vertically-aligned-stretch is-layout-flow wp-container-core-column-is-layout-f5bb311e wp-block-column-is-layout-flow\">\n<div class=\"wp-block-group is-style-ext-preset--group--natural-1--item-card-1--align-center has-global-padding is-layout-constrained wp-block-group-is-layout-constrained is-style-ext-preset--group--natural-1--item-card-1--align-center--6\">\n<div class=\"wp-block-group is-style-default has-global-padding is-layout-constrained wp-block-group-is-layout-constrained\">\n<figure class=\"wp-block-image aligncenter size-large ext-aspect-landscape wp-duotone-primary-foreground\"><img decoding=\"async\" src=\"data:image\/svg+xml;base64,PHN2ZyB4bWxucz0iaHR0cDovL3d3dy53My5vcmcvMjAwMC9zdmciIHdpZHRoPSI0OCIgaGVpZ2h0PSI0OCIgZmlsbD0iIzAwMDAwMCIgdmlld0JveD0iMCAwIDI1NiAyNTYiPjxwYXRoIGQ9Ik0xNzIsNzZhNDQsNDQsMCwxLDAtNDQsNDRBNDQuMDUsNDQuMDUsMCwwLDAsMTcyLDc2Wm0tNDQsMjhhMjgsMjgsMCwxLDEsMjgtMjhBMjgsMjgsMCwwLDEsMTI4LDEwNFptNjAsMjRhNDQsNDQsMCwxLDAsNDQsNDRBNDQuMDUsNDQuMDUsMCwwLDAsMTg4LDEyOFptMCw3MmEyOCwyOCwwLDEsMSwyOC0yOEEyOCwyOCwwLDAsMSwxODgsMjAwWk02OCwxMjhhNDQsNDQsMCwxLDAsNDQsNDRBNDQuMDUsNDQuMDUsMCwwLDAsNjgsMTI4Wm0wLDcyYTI4LDI4LDAsMSwxLDI4LTI4QTI4LDI4LDAsMCwxLDY4LDIwMFoiPjwvcGF0aD48L3N2Zz4=\" alt=\"\" style=\"object-fit:cover\"\/><\/figure>\n\n\n\n<h3 class=\"wp-block-heading has-text-align-center\">Property Sales<\/h3>\n\n\n\n<p class=\"has-text-align-center\">Wide portfolio of properties for all tastes and budgets in Alicante and surrounding areas.<\/p>\n<\/div>\n<\/div>\n<\/div>\n\n\n\n<div class=\"wp-block-column is-vertically-aligned-stretch is-layout-flow wp-container-core-column-is-layout-f5bb311e wp-block-column-is-layout-flow\">\n<div class=\"wp-block-group is-style-ext-preset--group--natural-1--item-card-1--align-center has-global-padding is-layout-constrained wp-block-group-is-layout-constrained is-style-ext-preset--group--natural-1--item-card-1--align-center--7\">\n<div class=\"wp-block-group is-style-default has-global-padding is-layout-constrained wp-block-group-is-layout-constrained\">\n<figure class=\"wp-block-image aligncenter size-large ext-aspect-landscape wp-duotone-primary-foreground\"><img decoding=\"async\" src=\"data:image\/svg+xml;base64,PHN2ZyB4bWxucz0iaHR0cDovL3d3dy53My5vcmcvMjAwMC9zdmciIHdpZHRoPSI0OCIgaGVpZ2h0PSI0OCIgZmlsbD0iIzAwMDAwMCIgdmlld0JveD0iMCAwIDI1NiAyNTYiPjxwYXRoIGQ9Ik04MCw0MGE0MCw0MCwwLDEsMCw0MCw0MEE0MCw0MCwwLDAsMCw4MCw0MFptMCw2NGEyNCwyNCwwLDEsMSwyNC0yNEEyNCwyNCwwLDAsMSw4MCwxMDRabTk2LDE2YTQwLDQwLDAsMSwwLTQwLTQwQTQwLDQwLDAsMCwwLDE3NiwxMjBabTAtNjRhMjQsMjQsMCwxLDEtMjQsMjRBMjQsMjQsMCwwLDEsMTc2LDU2Wk04MCwxMzZhNDAsNDAsMCwxLDAsNDAsNDBBNDAsNDAsMCwwLDAsODAsMTM2Wm0wLDY0YTI0LDI0LDAsMSwxLDI0LTI0QTI0LDI0LDAsMCwxLDgwLDIwMFptOTYtNjRhNDAsNDAsMCwxLDAsNDAsNDBBNDAsNDAsMCwwLDAsMTc2LDEzNlptMCw2NGEyNCwyNCwwLDEsMSwyNC0yNEEyNCwyNCwwLDAsMSwxNzYsMjAwWiI+PC9wYXRoPjwvc3ZnPg==\" alt=\"\" style=\"object-fit:cover\"\/><\/figure>\n\n\n\n<h3 class=\"wp-block-heading has-text-align-center\">Legal Advice<\/h3>\n\n\n\n<p class=\"has-text-align-center\">We guide you through every step of the administrative procedures to ensure a safe and smooth operation.<\/p>\n<\/div>\n<\/div>\n<\/div>\n\n\n\n<div class=\"wp-block-column is-vertically-aligned-stretch is-layout-flow wp-container-core-column-is-layout-f5bb311e wp-block-column-is-layout-flow\">\n<div class=\"wp-block-group is-style-ext-preset--group--natural-1--item-card-1--align-center has-global-padding is-layout-constrained wp-block-group-is-layout-constrained is-style-ext-preset--group--natural-1--item-card-1--align-center--8\">\n<div class=\"wp-block-group is-style-default has-global-padding is-layout-constrained wp-block-group-is-layout-constrained\">\n<figure class=\"wp-block-image aligncenter size-large ext-aspect-landscape wp-duotone-primary-foreground\"><img decoding=\"async\" src=\"data:image\/svg+xml;base64,PHN2ZyB4bWxucz0iaHR0cDovL3d3dy53My5vcmcvMjAwMC9zdmciIHdpZHRoPSI0OCIgaGVpZ2h0PSI0OCIgZmlsbD0iIzAwMDAwMCIgdmlld0JveD0iMCAwIDI1NiAyNTYiPjxwYXRoIGQ9Ik04MCw0MGE0MCw0MCwwLDEsMCw0MCw0MEE0MCw0MCwwLDAsMCw4MCw0MFptMCw2NGEyNCwyNCwwLDEsMSwyNC0yNEEyNCwyNCwwLDAsMSw4MCwxMDRabTk2LDE2YTQwLDQwLDAsMSwwLTQwLTQwQTQwLDQwLDAsMCwwLDE3NiwxMjBabTAtNjRhMjQsMjQsMCwxLDEtMjQsMjRBMjQsMjQsMCwwLDEsMTc2LDU2Wk04MCwxMzZhNDAsNDAsMCwxLDAsNDAsNDBBNDAsNDAsMCwwLDAsODAsMTM2Wm0wLDY0YTI0LDI0LDAsMSwxLDI0LTI0QTI0LDI0LDAsMCwxLDgwLDIwMFptMTM2LTI0YTgsOCwwLDAsMS04LDhIMTg0djI0YTgsOCwwLDAsMS0xNiwwVjE4NEgxNDRhOCw4LDAsMCwxLDAtMTZoMjRWMTQ0YTgsOCwwLDAsMSwxNiwwdjI0aDI0QTgsOCwwLDAsMSwyMTYsMTc2WiI+PC9wYXRoPjwvc3ZnPg==\" alt=\"\" style=\"object-fit:cover\"\/><\/figure>\n\n\n\n<h3 class=\"wp-block-heading has-text-align-center\">Personalised Attention<\/h3>\n\n\n\n<p class=\"has-text-align-center\">Our dedicated team guarantees a close approach and solutions tailored to your specific needs.<\/p>\n<\/div>\n<\/div>\n<\/div>\n<\/div>\n<\/div>\n\n\n\n<div class=\"wp-block-group alignfull is-style-ext-preset--group--natural-1--section has-background-background-color has-background has-global-padding is-layout-constrained wp-container-core-group-is-layout-f72f1611 wp-block-group-is-layout-constrained\" id=\"galeria\" style=\"margin-top:0;margin-bottom:0;padding-top:var(--wp--preset--spacing--70);padding-bottom:var(--wp--preset--spacing--70)\">\n<div class=\"wp-block-group alignwide is-vertical is-layout-flex wp-container-core-group-is-layout-c35747d5 wp-block-group-is-layout-flex\">\n<div class=\"wp-block-group has-global-padding is-layout-constrained wp-container-core-group-is-layout-5e05634a wp-block-group-is-layout-constrained\">\n<h2 class=\"wp-block-heading\">Comprehensive advice on legal real estate transactions<\/h2>\n\n\n\n<p class=\"has-text-align-left\">Discover our exclusive gallery that reflects the essence and style of the properties we offer.<\/p>\n<\/div>\n\n\n\n<div class=\"wp-block-buttons is-content-justification-center is-layout-flex wp-container-core-buttons-is-layout-a89b3969 wp-block-buttons-is-layout-flex\"><\/div>\n<\/div>\n\n\n\n<div class=\"wp-block-columns alignwide are-vertically-aligned-top is-layout-flex wp-container-core-columns-is-layout-87beb0d0 wp-block-columns-is-layout-flex\">\n<div class=\"wp-block-column is-vertically-aligned-top is-layout-flow wp-container-core-column-is-layout-f5bb311e wp-block-column-is-layout-flow\">\n<figure class=\"wp-block-image size-full is-style-ext-preset--image--natural-1--image-1--content-top is-style-ext-preset--image--natural-1--image-1--content-top--10\"><a href=\"https:\/\/www.idealista.com\/inmueble\/110990268\/\"><img decoding=\"async\" width=\"2560\" height=\"1920\" data-src=\"https:\/\/domusaureagroup.com\/wp-content\/uploads\/2026\/01\/Virgen-scaled.jpg\" alt=\"Calle de la Virgen del Socorro, 37\" class=\"wp-image-106 lazyload\" style=\"--smush-placeholder-width: 2560px; --smush-placeholder-aspect-ratio: 2560\/1920;aspect-ratio:1;object-fit:cover\" data-srcset=\"https:\/\/domusaureagroup.com\/wp-content\/uploads\/2026\/01\/Virgen-scaled.jpg 2560w, https:\/\/domusaureagroup.com\/wp-content\/uploads\/2026\/01\/Virgen-300x225.jpg 300w, https:\/\/domusaureagroup.com\/wp-content\/uploads\/2026\/01\/Virgen-1024x768.jpg 1024w, https:\/\/domusaureagroup.com\/wp-content\/uploads\/2026\/01\/Virgen-768x576.jpg 768w, https:\/\/domusaureagroup.com\/wp-content\/uploads\/2026\/01\/Virgen-1536x1152.jpg 1536w, https:\/\/domusaureagroup.com\/wp-content\/uploads\/2026\/01\/Virgen-2048x1536.jpg 2048w, https:\/\/domusaureagroup.com\/wp-content\/uploads\/2026\/01\/Virgen-16x12.jpg 16w\" data-sizes=\"(max-width: 2560px) 100vw, 2560px\" src=\"data:image\/svg+xml;base64,PHN2ZyB3aWR0aD0iMSIgaGVpZ2h0PSIxIiB4bWxucz0iaHR0cDovL3d3dy53My5vcmcvMjAwMC9zdmciPjwvc3ZnPg==\" \/><\/a><figcaption class=\"wp-element-caption\">Calle de la Virgen del Socorro, 37<\/figcaption><\/figure>\n\n\n\n<figure class=\"wp-block-image size-full is-style-ext-preset--image--natural-1--image-1--content-top is-style-ext-preset--image--natural-1--image-1--content-top--11\"><img decoding=\"async\" width=\"1008\" height=\"1067\" data-src=\"https:\/\/domusaureagroup.com\/wp-content\/uploads\/2026\/03\/domusaureagroup.png\" alt=\"Pr\u00f3ximamente\" class=\"wp-image-301 lazyload\" style=\"--smush-placeholder-width: 1008px; --smush-placeholder-aspect-ratio: 1008\/1067;aspect-ratio:1;object-fit:cover\" data-srcset=\"https:\/\/domusaureagroup.com\/wp-content\/uploads\/2026\/03\/domusaureagroup.png 1008w, https:\/\/domusaureagroup.com\/wp-content\/uploads\/2026\/03\/domusaureagroup-283x300.png 283w, https:\/\/domusaureagroup.com\/wp-content\/uploads\/2026\/03\/domusaureagroup-967x1024.png 967w, https:\/\/domusaureagroup.com\/wp-content\/uploads\/2026\/03\/domusaureagroup-768x813.png 768w, https:\/\/domusaureagroup.com\/wp-content\/uploads\/2026\/03\/domusaureagroup-11x12.png 11w\" data-sizes=\"(max-width: 1008px) 100vw, 1008px\" src=\"data:image\/svg+xml;base64,PHN2ZyB3aWR0aD0iMSIgaGVpZ2h0PSIxIiB4bWxucz0iaHR0cDovL3d3dy53My5vcmcvMjAwMC9zdmciPjwvc3ZnPg==\" \/><figcaption class=\"wp-element-caption\">Coming soon<\/figcaption><\/figure>\n<\/div>\n\n\n\n<div class=\"wp-block-column is-vertically-aligned-top is-layout-flow wp-container-core-column-is-layout-f5bb311e wp-block-column-is-layout-flow\">\n<figure class=\"wp-block-image size-large is-style-ext-preset--image--natural-1--image-1--content-top is-style-ext-preset--image--natural-1--image-1--content-top--12\"><a href=\"https:\/\/www.idealista.com\/inmueble\/110998187\/\"><img decoding=\"async\" width=\"1024\" height=\"672\" data-src=\"https:\/\/domusaureagroup.com\/wp-content\/uploads\/2026\/03\/IMG_20260225_223053-1024x672.jpg\" alt=\"V. del Socorro 79\" class=\"wp-image-221 lazyload\" style=\"--smush-placeholder-width: 1024px; --smush-placeholder-aspect-ratio: 1024\/672;aspect-ratio:1;object-fit:cover\" data-srcset=\"https:\/\/domusaureagroup.com\/wp-content\/uploads\/2026\/03\/IMG_20260225_223053-1024x672.jpg 1024w, https:\/\/domusaureagroup.com\/wp-content\/uploads\/2026\/03\/IMG_20260225_223053-300x197.jpg 300w, https:\/\/domusaureagroup.com\/wp-content\/uploads\/2026\/03\/IMG_20260225_223053-768x504.jpg 768w, https:\/\/domusaureagroup.com\/wp-content\/uploads\/2026\/03\/IMG_20260225_223053-18x12.jpg 18w, https:\/\/domusaureagroup.com\/wp-content\/uploads\/2026\/03\/IMG_20260225_223053.jpg 1080w\" data-sizes=\"(max-width: 1024px) 100vw, 1024px\" src=\"data:image\/svg+xml;base64,PHN2ZyB3aWR0aD0iMSIgaGVpZ2h0PSIxIiB4bWxucz0iaHR0cDovL3d3dy53My5vcmcvMjAwMC9zdmciPjwvc3ZnPg==\" \/><\/a><figcaption class=\"wp-element-caption\">Calle de la Virgen del Socorro, 79<\/figcaption><\/figure>\n\n\n\n<figure class=\"wp-block-image size-full is-style-ext-preset--image--natural-1--image-1--content-top is-style-ext-preset--image--natural-1--image-1--content-top--13\"><img decoding=\"async\" width=\"1008\" height=\"1067\" data-src=\"https:\/\/domusaureagroup.com\/wp-content\/uploads\/2026\/03\/domusaureagroup.png\" alt=\"Pr\u00f3ximamente\" class=\"wp-image-301 lazyload\" style=\"--smush-placeholder-width: 1008px; --smush-placeholder-aspect-ratio: 1008\/1067;aspect-ratio:1;object-fit:cover\" data-srcset=\"https:\/\/domusaureagroup.com\/wp-content\/uploads\/2026\/03\/domusaureagroup.png 1008w, https:\/\/domusaureagroup.com\/wp-content\/uploads\/2026\/03\/domusaureagroup-283x300.png 283w, https:\/\/domusaureagroup.com\/wp-content\/uploads\/2026\/03\/domusaureagroup-967x1024.png 967w, https:\/\/domusaureagroup.com\/wp-content\/uploads\/2026\/03\/domusaureagroup-768x813.png 768w, https:\/\/domusaureagroup.com\/wp-content\/uploads\/2026\/03\/domusaureagroup-11x12.png 11w\" data-sizes=\"(max-width: 1008px) 100vw, 1008px\" src=\"data:image\/svg+xml;base64,PHN2ZyB3aWR0aD0iMSIgaGVpZ2h0PSIxIiB4bWxucz0iaHR0cDovL3d3dy53My5vcmcvMjAwMC9zdmciPjwvc3ZnPg==\" \/><figcaption class=\"wp-element-caption\">Coming soon<\/figcaption><\/figure>\n<\/div>\n\n\n\n<div class=\"wp-block-column is-vertically-aligned-top is-layout-flow wp-container-core-column-is-layout-f5bb311e wp-block-column-is-layout-flow\">\n<figure class=\"wp-block-image size-full is-style-ext-preset--image--natural-1--image-1--content-top is-style-ext-preset--image--natural-1--image-1--content-top--14\"><img decoding=\"async\" width=\"1008\" height=\"1067\" data-src=\"https:\/\/domusaureagroup.com\/wp-content\/uploads\/2026\/03\/domusaureagroup.png\" alt=\"\" class=\"wp-image-301 lazyload\" style=\"--smush-placeholder-width: 1008px; --smush-placeholder-aspect-ratio: 1008\/1067;aspect-ratio:1;object-fit:cover\" data-srcset=\"https:\/\/domusaureagroup.com\/wp-content\/uploads\/2026\/03\/domusaureagroup.png 1008w, https:\/\/domusaureagroup.com\/wp-content\/uploads\/2026\/03\/domusaureagroup-283x300.png 283w, https:\/\/domusaureagroup.com\/wp-content\/uploads\/2026\/03\/domusaureagroup-967x1024.png 967w, https:\/\/domusaureagroup.com\/wp-content\/uploads\/2026\/03\/domusaureagroup-768x813.png 768w, https:\/\/domusaureagroup.com\/wp-content\/uploads\/2026\/03\/domusaureagroup-11x12.png 11w\" data-sizes=\"(max-width: 1008px) 100vw, 1008px\" src=\"data:image\/svg+xml;base64,PHN2ZyB3aWR0aD0iMSIgaGVpZ2h0PSIxIiB4bWxucz0iaHR0cDovL3d3dy53My5vcmcvMjAwMC9zdmciPjwvc3ZnPg==\" \/><figcaption class=\"wp-element-caption\">Coming soon<\/figcaption><\/figure>\n\n\n\n<figure class=\"wp-block-image size-full is-style-ext-preset--image--natural-1--image-1--content-top is-style-ext-preset--image--natural-1--image-1--content-top--15\"><img decoding=\"async\" width=\"1008\" height=\"1067\" data-src=\"https:\/\/domusaureagroup.com\/wp-content\/uploads\/2026\/03\/domusaureagroup.png\" alt=\"Pr\u00f3ximamente\" class=\"wp-image-301 lazyload\" style=\"--smush-placeholder-width: 1008px; --smush-placeholder-aspect-ratio: 1008\/1067;aspect-ratio:1;object-fit:cover\" data-srcset=\"https:\/\/domusaureagroup.com\/wp-content\/uploads\/2026\/03\/domusaureagroup.png 1008w, https:\/\/domusaureagroup.com\/wp-content\/uploads\/2026\/03\/domusaureagroup-283x300.png 283w, https:\/\/domusaureagroup.com\/wp-content\/uploads\/2026\/03\/domusaureagroup-967x1024.png 967w, https:\/\/domusaureagroup.com\/wp-content\/uploads\/2026\/03\/domusaureagroup-768x813.png 768w, https:\/\/domusaureagroup.com\/wp-content\/uploads\/2026\/03\/domusaureagroup-11x12.png 11w\" data-sizes=\"(max-width: 1008px) 100vw, 1008px\" src=\"data:image\/svg+xml;base64,PHN2ZyB3aWR0aD0iMSIgaGVpZ2h0PSIxIiB4bWxucz0iaHR0cDovL3d3dy53My5vcmcvMjAwMC9zdmciPjwvc3ZnPg==\" \/><figcaption class=\"wp-element-caption\">Coming soon<\/figcaption><\/figure>\n<\/div>\n\n\n\n<div class=\"wp-block-column is-vertically-aligned-top is-layout-flow wp-container-core-column-is-layout-f5bb311e wp-block-column-is-layout-flow\">\n<figure class=\"wp-block-image size-full is-style-ext-preset--image--natural-1--image-1--content-top is-style-ext-preset--image--natural-1--image-1--content-top--16\"><img decoding=\"async\" width=\"1008\" height=\"1067\" data-src=\"https:\/\/domusaureagroup.com\/wp-content\/uploads\/2026\/03\/domusaureagroup.png\" alt=\"Pr\u00f3ximamente\" class=\"wp-image-301 lazyload\" style=\"--smush-placeholder-width: 1008px; --smush-placeholder-aspect-ratio: 1008\/1067;aspect-ratio:1;object-fit:cover\" data-srcset=\"https:\/\/domusaureagroup.com\/wp-content\/uploads\/2026\/03\/domusaureagroup.png 1008w, https:\/\/domusaureagroup.com\/wp-content\/uploads\/2026\/03\/domusaureagroup-283x300.png 283w, https:\/\/domusaureagroup.com\/wp-content\/uploads\/2026\/03\/domusaureagroup-967x1024.png 967w, https:\/\/domusaureagroup.com\/wp-content\/uploads\/2026\/03\/domusaureagroup-768x813.png 768w, https:\/\/domusaureagroup.com\/wp-content\/uploads\/2026\/03\/domusaureagroup-11x12.png 11w\" data-sizes=\"(max-width: 1008px) 100vw, 1008px\" src=\"data:image\/svg+xml;base64,PHN2ZyB3aWR0aD0iMSIgaGVpZ2h0PSIxIiB4bWxucz0iaHR0cDovL3d3dy53My5vcmcvMjAwMC9zdmciPjwvc3ZnPg==\" \/><figcaption class=\"wp-element-caption\">Coming soon<\/figcaption><\/figure>\n\n\n\n<figure class=\"wp-block-image size-full is-style-ext-preset--image--natural-1--image-1--content-top is-style-ext-preset--image--natural-1--image-1--content-top--17\"><img decoding=\"async\" width=\"1008\" height=\"1067\" data-src=\"https:\/\/domusaureagroup.com\/wp-content\/uploads\/2026\/03\/domusaureagroup.png\" alt=\"Pr\u00f3ximamente\" class=\"wp-image-301 lazyload\" style=\"--smush-placeholder-width: 1008px; --smush-placeholder-aspect-ratio: 1008\/1067;aspect-ratio:1;object-fit:cover\" data-srcset=\"https:\/\/domusaureagroup.com\/wp-content\/uploads\/2026\/03\/domusaureagroup.png 1008w, https:\/\/domusaureagroup.com\/wp-content\/uploads\/2026\/03\/domusaureagroup-283x300.png 283w, https:\/\/domusaureagroup.com\/wp-content\/uploads\/2026\/03\/domusaureagroup-967x1024.png 967w, https:\/\/domusaureagroup.com\/wp-content\/uploads\/2026\/03\/domusaureagroup-768x813.png 768w, https:\/\/domusaureagroup.com\/wp-content\/uploads\/2026\/03\/domusaureagroup-11x12.png 11w\" data-sizes=\"(max-width: 1008px) 100vw, 1008px\" src=\"data:image\/svg+xml;base64,PHN2ZyB3aWR0aD0iMSIgaGVpZ2h0PSIxIiB4bWxucz0iaHR0cDovL3d3dy53My5vcmcvMjAwMC9zdmciPjwvc3ZnPg==\" \/><figcaption class=\"wp-element-caption\">Coming soon<\/figcaption><\/figure>\n<\/div>\n<\/div>\n<\/div>","protected":false},"excerpt":{"rendered":"<p>Encuentra propiedades exclusivas con las mejores condiciones En DomusAureaGroup.com brindamos una amplia gama de servicios inmobiliarios, garantizando profesionalidad y la m\u00e1xima satisfacci\u00f3n para cada cliente. Venta de Propiedades Asesoramos en la compra y venta para que cada operaci\u00f3n sea segura y transparente. Tr\u00e1mites Legales Gestionamos toda la documentaci\u00f3n legal para que el proceso sea \u00e1gil [&hellip;]<\/p>\n","protected":false},"author":1,"featured_media":0,"parent":0,"menu_order":0,"comment_status":"closed","ping_status":"closed","template":"page-with-title","meta":{"footnotes":""},"class_list":["post-24","page","type-page","status-publish","hentry"],"_links":{"self":[{"href":"https:\/\/domusaureagroup.com\/en\/wp-json\/wp\/v2\/pages\/24","targetHints":{"allow":["GET"]}}],"collection":[{"href":"https:\/\/domusaureagroup.com\/en\/wp-json\/wp\/v2\/pages"}],"about":[{"href":"https:\/\/domusaureagroup.com\/en\/wp-json\/wp\/v2\/types\/page"}],"author":[{"embeddable":true,"href":"https:\/\/domusaureagroup.com\/en\/wp-json\/wp\/v2\/users\/1"}],"replies":[{"embeddable":true,"href":"https:\/\/domusaureagroup.com\/en\/wp-json\/wp\/v2\/comments?post=24"}],"version-history":[{"count":41,"href":"https:\/\/domusaureagroup.com\/en\/wp-json\/wp\/v2\/pages\/24\/revisions"}],"predecessor-version":[{"id":307,"href":"https:\/\/domusaureagroup.com\/en\/wp-json\/wp\/v2\/pages\/24\/revisions\/307"}],"wp:attachment":[{"href":"https:\/\/domusaureagroup.com\/en\/wp-json\/wp\/v2\/media?parent=24"}],"curies":[{"name":"wp","href":"https:\/\/api.w.org\/{rel}","templated":true}]}}