{"id":23,"date":"2026-01-14T09:25:09","date_gmt":"2026-01-14T09:25:09","guid":{"rendered":"https:\/\/domusaureagroup.com\/portafolio\/"},"modified":"2026-04-02T17:33:01","modified_gmt":"2026-04-02T15:33:01","slug":"portafolio","status":"publish","type":"page","link":"https:\/\/domusaureagroup.com\/en\/portafolio\/","title":{"rendered":"Portfolio"},"content":{"rendered":"<div class=\"wp-block-group alignfull is-style-ext-preset--group--natural-1--section has-background-background-color has-background has-global-padding is-layout-constrained wp-block-group-is-layout-constrained\" id=\"acerca-de\" style=\"margin-top:0;margin-bottom:0;padding-top:var(--wp--preset--spacing--70);padding-bottom:var(--wp--preset--spacing--70)\">\n<div class=\"wp-block-columns alignwide are-vertically-aligned-center is-layout-flex wp-container-core-columns-is-layout-174606dc wp-block-columns-is-layout-flex\">\n<div class=\"wp-block-column is-vertically-aligned-center is-layout-flow wp-block-column-is-layout-flow\">\n<div class=\"wp-block-group alignwide is-vertical is-layout-flex wp-container-core-group-is-layout-c35747d5 wp-block-group-is-layout-flex\">\n<div class=\"wp-block-group has-global-padding is-layout-constrained wp-container-core-group-is-layout-dd32767c wp-block-group-is-layout-constrained\">\n<h2 class=\"wp-block-heading\">Explore unique homes in the province of Alicante<\/h2>\n\n\n\n<p>Here we present the essence of DomusAureaGroup.com, reflecting our commitment to professionalism, trust and comprehensive support to offer peace of mind to each client. Our vision is to be a reference in the real estate market in Alicante, guiding each step with transparency and dedication.<\/p>\n<\/div>\n<\/div>\n<\/div>\n\n\n\n<div class=\"wp-block-column is-vertically-aligned-center is-layout-flow wp-block-column-is-layout-flow\"><\/div>\n<\/div>\n<\/div>\n\n\n\n<div class=\"wp-block-columns ext-animate--on is-layout-flex wp-container-core-columns-is-layout-28f84493 wp-block-columns-is-layout-flex\">\n<div class=\"wp-block-column ext-animate--on is-layout-flow wp-block-column-is-layout-flow\" style=\"flex-basis:100%\">\n<div class=\"wp-block-group alignfull is-style-ext-preset--group--natural-1--section ext-animate--on has-tertiary-background-color has-background is-layout-grid wp-container-core-group-is-layout-a21f9c60 wp-block-group-is-layout-grid\" id=\"galeria\" style=\"margin-top:0;margin-bottom:0;padding-top:var(--wp--preset--spacing--70);padding-bottom:var(--wp--preset--spacing--70)\">\n<div class=\"wp-block-group alignwide ext-animate--on wp-container-content-69bc4bdf is-vertical is-layout-flex wp-container-core-group-is-layout-c35747d5 wp-block-group-is-layout-flex\">\n<div class=\"wp-block-group ext-animate--on has-global-padding is-layout-constrained wp-container-core-group-is-layout-5e05634a wp-block-group-is-layout-constrained\">\n<h2 class=\"wp-block-heading ext-animate--on\">Specialists in legal real estate management<\/h2>\n\n\n\n<p class=\"has-text-align-left ext-animate--on\">Here is an exclusive selection that reflects the charm and character of our properties in Alicante.<\/p>\n<\/div>\n<\/div>\n<\/div>\n\n\n\n<div class=\"wp-block-columns ext-animate--on is-layout-flex wp-container-core-columns-is-layout-28f84493 wp-block-columns-is-layout-flex\">\n<div class=\"wp-block-column is-layout-flow wp-block-column-is-layout-flow\" style=\"flex-basis:33.33%\"><\/div>\n<\/div>\n<\/div>\n\n\n\n<div class=\"wp-block-column is-layout-flow wp-block-column-is-layout-flow\" style=\"flex-basis:66.66%\">\n<figure class=\"wp-block-image size-large ext-animate--on\"><a href=\"https:\/\/www.idealista.com\/pro\/domus-aurea-group\"><img decoding=\"async\" width=\"1024\" height=\"559\" data-src=\"https:\/\/domusaureagroup.com\/wp-content\/uploads\/2026\/04\/propriedades-1024x559.png\" alt=\"\" class=\"wp-image-441 lazyload\" data-srcset=\"https:\/\/domusaureagroup.com\/wp-content\/uploads\/2026\/04\/propriedades-1024x559.png 1024w, https:\/\/domusaureagroup.com\/wp-content\/uploads\/2026\/04\/propriedades-300x164.png 300w, https:\/\/domusaureagroup.com\/wp-content\/uploads\/2026\/04\/propriedades-768x419.png 768w, https:\/\/domusaureagroup.com\/wp-content\/uploads\/2026\/04\/propriedades-18x10.png 18w, https:\/\/domusaureagroup.com\/wp-content\/uploads\/2026\/04\/propriedades.png 1408w\" data-sizes=\"(max-width: 1024px) 100vw, 1024px\" src=\"data:image\/svg+xml;base64,PHN2ZyB3aWR0aD0iMSIgaGVpZ2h0PSIxIiB4bWxucz0iaHR0cDovL3d3dy53My5vcmcvMjAwMC9zdmciPjwvc3ZnPg==\" style=\"--smush-placeholder-width: 1024px; --smush-placeholder-aspect-ratio: 1024\/559;\" \/><\/a><\/figure>\n<\/div>\n<\/div>\n\n\n\n<div class=\"wp-block-group alignfull is-style-ext-preset--group--natural-1--section has-background-background-color has-background has-global-padding is-layout-constrained wp-container-core-group-is-layout-e955bbaf wp-block-group-is-layout-constrained\" style=\"margin-top:0;margin-bottom:0;padding-top:var(--wp--preset--spacing--70);padding-bottom:var(--wp--preset--spacing--70)\">\n<div class=\"wp-block-group alignwide is-vertical is-content-justification-center is-layout-flex wp-container-core-group-is-layout-c9ee0c5a wp-block-group-is-layout-flex\">\n<div class=\"wp-block-group has-global-padding is-layout-constrained wp-container-core-group-is-layout-5e05634a wp-block-group-is-layout-constrained\">\n<h2 class=\"wp-block-heading has-text-align-center\">Authentic success stories from our satisfied customers.<\/h2>\n\n\n\n<p class=\"has-text-align-center\">This section details each step of the real estate process, making it easy for users to understand how to get started and make the most of our services.<\/p>\n<\/div>\n<\/div>\n\n\n\n<div class=\"wp-block-columns alignwide are-vertically-aligned-center is-layout-flex wp-container-core-columns-is-layout-174606dc wp-block-columns-is-layout-flex\">\n<div class=\"wp-block-column is-vertically-aligned-center is-layout-flow wp-block-column-is-layout-flow\">\n<div class=\"wp-block-group alignwide is-vertical is-layout-flex wp-container-core-group-is-layout-c35747d5 wp-block-group-is-layout-flex\">\n<div class=\"wp-block-group has-global-padding is-layout-constrained wp-container-core-group-is-layout-dd32767c wp-block-group-is-layout-constrained\">\n<h3 class=\"wp-block-heading\">How a real estate agency achieved outstanding growth.<\/h3>\n\n\n\n<p>This case study shows how an agency overcame legal and administrative challenges with our support, achieving greater efficiency and client confidence.<\/p>\n<\/div>\n<\/div>\n<\/div>\n\n\n\n<div class=\"wp-block-column is-vertically-aligned-center is-layout-flow wp-block-column-is-layout-flow\">\n<figure class=\"wp-block-image is-style-ext-preset--image--natural-1--image-1--content-left is-style-ext-preset--image--natural-1--image-1--content-left--5\"><img decoding=\"async\" width=\"1024\" height=\"1024\" data-src=\"https:\/\/domusaureagroup.com\/wp-content\/uploads\/2026\/03\/image.jpg\" alt=\"\" class=\"wp-image-243 lazyload\" style=\"--smush-placeholder-width: 1024px; --smush-placeholder-aspect-ratio: 1024\/1024;aspect-ratio:4\/3;object-fit:cover\" data-srcset=\"https:\/\/domusaureagroup.com\/wp-content\/uploads\/2026\/03\/image.jpg 1024w, https:\/\/domusaureagroup.com\/wp-content\/uploads\/2026\/03\/image-300x300.jpg 300w, https:\/\/domusaureagroup.com\/wp-content\/uploads\/2026\/03\/image-150x150.jpg 150w, https:\/\/domusaureagroup.com\/wp-content\/uploads\/2026\/03\/image-768x768.jpg 768w, https:\/\/domusaureagroup.com\/wp-content\/uploads\/2026\/03\/image-12x12.jpg 12w\" data-sizes=\"(max-width: 1024px) 100vw, 1024px\" src=\"data:image\/svg+xml;base64,PHN2ZyB3aWR0aD0iMSIgaGVpZ2h0PSIxIiB4bWxucz0iaHR0cDovL3d3dy53My5vcmcvMjAwMC9zdmciPjwvc3ZnPg==\" \/><\/figure>\n<\/div>\n<\/div>\n\n\n\n<div class=\"wp-block-columns alignwide are-vertically-aligned-center is-layout-flex wp-container-core-columns-is-layout-ed161d23 wp-block-columns-is-layout-flex\" style=\"margin-top:var(--wp--preset--spacing--50)\">\n<div class=\"wp-block-column is-vertically-aligned-center is-layout-flow wp-block-column-is-layout-flow\">\n<figure class=\"wp-block-image is-style-ext-preset--image--natural-1--image-1--content-right is-style-ext-preset--image--natural-1--image-1--content-right--6\"><img decoding=\"async\" width=\"1024\" height=\"1024\" data-src=\"https:\/\/domusaureagroup.com\/wp-content\/uploads\/2026\/03\/image-1.jpg\" alt=\"\" class=\"wp-image-245 lazyload\" style=\"--smush-placeholder-width: 1024px; --smush-placeholder-aspect-ratio: 1024\/1024;aspect-ratio:4\/3;object-fit:cover\" data-srcset=\"https:\/\/domusaureagroup.com\/wp-content\/uploads\/2026\/03\/image-1.jpg 1024w, https:\/\/domusaureagroup.com\/wp-content\/uploads\/2026\/03\/image-1-300x300.jpg 300w, https:\/\/domusaureagroup.com\/wp-content\/uploads\/2026\/03\/image-1-150x150.jpg 150w, https:\/\/domusaureagroup.com\/wp-content\/uploads\/2026\/03\/image-1-768x768.jpg 768w, https:\/\/domusaureagroup.com\/wp-content\/uploads\/2026\/03\/image-1-12x12.jpg 12w\" data-sizes=\"(max-width: 1024px) 100vw, 1024px\" src=\"data:image\/svg+xml;base64,PHN2ZyB3aWR0aD0iMSIgaGVpZ2h0PSIxIiB4bWxucz0iaHR0cDovL3d3dy53My5vcmcvMjAwMC9zdmciPjwvc3ZnPg==\" \/><\/figure>\n<\/div>\n\n\n\n<div class=\"wp-block-column is-vertically-aligned-center is-layout-flow wp-block-column-is-layout-flow\">\n<div class=\"wp-block-group alignwide is-vertical is-layout-flex wp-container-core-group-is-layout-c35747d5 wp-block-group-is-layout-flex\">\n<div class=\"wp-block-group has-global-padding is-layout-constrained wp-container-core-group-is-layout-dd32767c wp-block-group-is-layout-constrained\">\n<h3 class=\"wp-block-heading\">Achieving lasting success through expert and personalised advice.<\/h3>\n\n\n\n<p>This analysis reveals how one real estate company overcame difficulties, improved its management and achieved exceptional results with our comprehensive guidance.<\/p>\n<\/div>\n<\/div>\n<\/div>\n<\/div>\n\n\n\n<div class=\"wp-block-columns alignwide are-vertically-aligned-center is-layout-flex wp-container-core-columns-is-layout-ed161d23 wp-block-columns-is-layout-flex\" style=\"margin-top:var(--wp--preset--spacing--50)\">\n<div class=\"wp-block-column is-vertically-aligned-center is-layout-flow wp-block-column-is-layout-flow\">\n<div class=\"wp-block-group alignwide is-vertical is-layout-flex wp-container-core-group-is-layout-c35747d5 wp-block-group-is-layout-flex\">\n<div class=\"wp-block-group has-global-padding is-layout-constrained wp-container-core-group-is-layout-dd32767c wp-block-group-is-layout-constrained\">\n<h3 class=\"wp-block-heading\">Revolutionising real estate processes with expert solutions.<\/h3>\n\n\n\n<p>This case demonstrates how a real estate company used our services to improve management, reduce paperwork and grow with confidence.<\/p>\n<\/div>\n<\/div>\n<\/div>\n\n\n\n<div class=\"wp-block-column is-vertically-aligned-center is-layout-flow wp-block-column-is-layout-flow\">\n<figure class=\"wp-block-image is-style-ext-preset--image--natural-1--image-1--content-left is-style-ext-preset--image--natural-1--image-1--content-left--7\"><img decoding=\"async\" width=\"1024\" height=\"1024\" data-src=\"https:\/\/domusaureagroup.com\/wp-content\/uploads\/2026\/03\/image-2.jpg\" alt=\"\" class=\"wp-image-247 lazyload\" style=\"--smush-placeholder-width: 1024px; --smush-placeholder-aspect-ratio: 1024\/1024;aspect-ratio:4\/3;object-fit:cover\" data-srcset=\"https:\/\/domusaureagroup.com\/wp-content\/uploads\/2026\/03\/image-2.jpg 1024w, https:\/\/domusaureagroup.com\/wp-content\/uploads\/2026\/03\/image-2-300x300.jpg 300w, https:\/\/domusaureagroup.com\/wp-content\/uploads\/2026\/03\/image-2-150x150.jpg 150w, https:\/\/domusaureagroup.com\/wp-content\/uploads\/2026\/03\/image-2-768x768.jpg 768w, https:\/\/domusaureagroup.com\/wp-content\/uploads\/2026\/03\/image-2-12x12.jpg 12w\" data-sizes=\"(max-width: 1024px) 100vw, 1024px\" src=\"data:image\/svg+xml;base64,PHN2ZyB3aWR0aD0iMSIgaGVpZ2h0PSIxIiB4bWxucz0iaHR0cDovL3d3dy53My5vcmcvMjAwMC9zdmciPjwvc3ZnPg==\" \/><\/figure>\n<\/div>\n<\/div>\n\n\n\n<div class=\"wp-block-buttons is-content-justification-center is-layout-flex wp-container-core-buttons-is-layout-a89b3969 wp-block-buttons-is-layout-flex\">\n<div class=\"wp-block-button is-style-ext-preset--button--natural-1--button-1 is-style-ext-preset--button--natural-1--button-1--8\"><a class=\"wp-block-button__link wp-element-button\" href=\"https:\/\/domusaureagroup.com\/en\/contacto\/\">Find out more<\/a><\/div>\n<\/div>\n<\/div>","protected":false},"excerpt":{"rendered":"<p>Explora viviendas \u00fanicas en la provincia de Alicante Aqu\u00ed presentamos la esencia de DomusAureaGroup.com, reflejando nuestro compromiso con la profesionalidad, la confianza y el acompa\u00f1amiento integral para ofrecer tranquilidad a cada cliente. Nuestra visi\u00f3n es ser referentes en el mercado inmobiliario de Alicante, guiando cada paso con transparencia y dedicaci\u00f3n. Especialistas en gesti\u00f3n legal inmobiliaria [&hellip;]<\/p>\n","protected":false},"author":1,"featured_media":0,"parent":0,"menu_order":0,"comment_status":"closed","ping_status":"closed","template":"page-with-title","meta":{"footnotes":""},"class_list":["post-23","page","type-page","status-publish","hentry"],"_links":{"self":[{"href":"https:\/\/domusaureagroup.com\/en\/wp-json\/wp\/v2\/pages\/23","targetHints":{"allow":["GET"]}}],"collection":[{"href":"https:\/\/domusaureagroup.com\/en\/wp-json\/wp\/v2\/pages"}],"about":[{"href":"https:\/\/domusaureagroup.com\/en\/wp-json\/wp\/v2\/types\/page"}],"author":[{"embeddable":true,"href":"https:\/\/domusaureagroup.com\/en\/wp-json\/wp\/v2\/users\/1"}],"replies":[{"embeddable":true,"href":"https:\/\/domusaureagroup.com\/en\/wp-json\/wp\/v2\/comments?post=23"}],"version-history":[{"count":46,"href":"https:\/\/domusaureagroup.com\/en\/wp-json\/wp\/v2\/pages\/23\/revisions"}],"predecessor-version":[{"id":463,"href":"https:\/\/domusaureagroup.com\/en\/wp-json\/wp\/v2\/pages\/23\/revisions\/463"}],"wp:attachment":[{"href":"https:\/\/domusaureagroup.com\/en\/wp-json\/wp\/v2\/media?parent=23"}],"curies":[{"name":"wp","href":"https:\/\/api.w.org\/{rel}","templated":true}]}}